{"id":2014,"date":"2023-07-02T04:44:13","date_gmt":"2023-07-02T02:44:13","guid":{"rendered":"https:\/\/smorgasbord.at\/?page_id=2014"},"modified":"2023-07-05T05:27:39","modified_gmt":"2023-07-05T03:27:39","slug":"ueber-uns","status":"publish","type":"page","link":"https:\/\/smorgasbord.at\/en\/ueber-uns\/","title":{"rendered":"About us"},"content":{"rendered":"\n<p>Education completed, self-employed and stayed in one place for far too long. 3 good reasons to leave habits behind and explore the wide world. Since the world is very big, we made a plan: first Japan for two months and then across Europe, always chasing the warm temperatures. <a href=\"\/en\/\">Read our blog<\/a> to find out whether this plan worked out and what we experienced. Here you can find out who &#8220;we&#8221; actually are. \ud83e\udd73<\/p>\n\n\n\n<div class=\"wp-block-columns is-layout-flex wp-container-core-columns-is-layout-9d6595d7 wp-block-columns-is-layout-flex\">\n<div class=\"wp-block-column is-layout-flow wp-block-column-is-layout-flow\" style=\"flex-basis:33.33%\">\n<figure class=\"wp-block-image size-large\"><img loading=\"lazy\" decoding=\"async\" width=\"749\" height=\"1024\" src=\"https:\/\/smorgasbord.at\/wp-content\/uploads\/2023\/03\/dd_omani1-749x1024.jpg\" alt=\"Omani Frei mit Gep\u00e4ck am Hauptbahnhof in Dresden\" class=\"wp-image-103\" srcset=\"https:\/\/smorgasbord.at\/wp-content\/uploads\/2023\/03\/dd_omani1-749x1024.jpg 749w, https:\/\/smorgasbord.at\/wp-content\/uploads\/2023\/03\/dd_omani1-219x300.jpg 219w, https:\/\/smorgasbord.at\/wp-content\/uploads\/2023\/03\/dd_omani1-768x1050.jpg 768w, https:\/\/smorgasbord.at\/wp-content\/uploads\/2023\/03\/dd_omani1.jpg 936w\" sizes=\"auto, (max-width: 749px) 100vw, 749px\" \/><\/figure>\n<\/div>\n\n\n\n<div class=\"wp-block-column is-layout-flow wp-block-column-is-layout-flow\" style=\"flex-basis:66.66%\">\n<h2 class=\"wp-block-heading\">Omani Frei<\/h2>\n\n\n\n<p>Born in Austria, Omani studied for two years in Italy at the Academy of Fine Arts in Catanzaro, where she experimented with performance and video art. When she moved to the Dresden University of Fine Arts, she focused on painting and traditional 2D animation. In 2020, she graduated as a master student of Prof. Carsten Nicolai.<\/p>\n\n\n\n<ul class=\"wp-block-list\">\n<li>Website: <a href=\"https:\/\/omanifrei.com\">omanifrei.com<\/a><\/li>\n<\/ul>\n<\/div>\n<\/div>\n\n\n\n<div class=\"wp-block-columns is-layout-flex wp-container-core-columns-is-layout-9d6595d7 wp-block-columns-is-layout-flex\">\n<div class=\"wp-block-column is-layout-flow wp-block-column-is-layout-flow\" style=\"flex-basis:66.66%\">\n<h2 class=\"wp-block-heading\">Jan Kosyk<\/h2>\n\n\n\n<p>Jan earns his bread and butter as a self-employed bachelorette in computer science. His passion, however, is music and digital art. In Dresden, he helped set up the <a href=\"https:\/\/neustadt-art-kollektiv.org\">Neustadt Art Kollektiv<\/a> and poked around in local politics via the <a href=\"https:\/\/neustadtpiraten.de\">Neustadtpiraten<\/a>, also spreading political propaganda as singersongwriter <a href=\"https:\/\/klavierpunk.de\">Klavierpunk<\/a> and playing partyswing with the combo <a href=\"https:\/\/kulabula.de\">Kula Bula<\/a>.<\/p>\n\n\n\n<p>On this travel, he wants to get out of the daily grind, finally clear his to-do lists and, above all, gather inspiration and make lots and lots of music.<\/p>\n\n\n\n<ul class=\"wp-block-list\">\n<li>Website: <a href=\"https:\/\/klavierpunk.de\/en\/\">klavierpunk.de<\/a><\/li>\n<\/ul>\n<\/div>\n\n\n\n<div class=\"wp-block-column is-layout-flow wp-block-column-is-layout-flow\" style=\"flex-basis:33.33%\">\n<figure class=\"wp-block-image size-large\"><img loading=\"lazy\" decoding=\"async\" width=\"768\" height=\"1024\" src=\"https:\/\/smorgasbord.at\/wp-content\/uploads\/2023\/03\/dd_jan-768x1024.jpg\" alt=\"Jan mit Gep\u00e4ck am Hauptbahnhof in Dresden\" class=\"wp-image-102\" srcset=\"https:\/\/smorgasbord.at\/wp-content\/uploads\/2023\/03\/dd_jan-768x1024.jpg 768w, https:\/\/smorgasbord.at\/wp-content\/uploads\/2023\/03\/dd_jan-225x300.jpg 225w, https:\/\/smorgasbord.at\/wp-content\/uploads\/2023\/03\/dd_jan.jpg 960w\" sizes=\"auto, (max-width: 768px) 100vw, 768px\" \/><\/figure>\n<\/div>\n<\/div>\n","protected":false},"excerpt":{"rendered":"<p>Education completed, self-employed and stayed in one place for far too long. 3 good reasons to leave habits behind and explore the wide world. Since the world is very big, we made a plan: first Japan for two months and then across Europe, always chasing the warm temperatures. Read our blog to find out whether&hellip;&nbsp;<a href=\"https:\/\/smorgasbord.at\/en\/ueber-uns\/\" rel=\"bookmark\">Read More &raquo;<span class=\"screen-reader-text\">About us<\/span><\/a><\/p>\n","protected":false},"author":1,"featured_media":18,"parent":0,"menu_order":0,"comment_status":"open","ping_status":"closed","template":"","meta":{"neve_meta_sidebar":"","neve_meta_container":"","neve_meta_enable_content_width":"","neve_meta_content_width":0,"neve_meta_title_alignment":"","neve_meta_author_avatar":"","neve_post_elements_order":"","neve_meta_disable_header":"","neve_meta_disable_footer":"","neve_meta_disable_title":"","footnotes":""},"class_list":["post-2014","page","type-page","status-publish","has-post-thumbnail","hentry"],"yoast_head":"<!-- This site is optimized with the Yoast SEO plugin v27.5 - https:\/\/yoast.com\/product\/yoast-seo-wordpress\/ -->\n<title>About us - Sm\u00f6rg\u00e5sbord<\/title>\n<meta name=\"robots\" content=\"index, follow, max-snippet:-1, max-image-preview:large, max-video-preview:-1\" \/>\n<link rel=\"canonical\" href=\"https:\/\/smorgasbord.at\/en\/ueber-uns\/\" \/>\n<meta property=\"og:locale\" content=\"en_US\" \/>\n<meta property=\"og:type\" content=\"article\" \/>\n<meta property=\"og:title\" content=\"About us\" \/>\n<meta property=\"og:description\" content=\"Education completed, self-employed and stayed in one place for far too long. 3 good reasons to leave habits behind and explore the wide world. Since the world is very big, we made a plan: first Japan for two months and then across Europe, always chasing the warm temperatures. Read our blog to find out whether&hellip;&nbsp;Read More &raquo;About us\" \/>\n<meta property=\"og:url\" content=\"https:\/\/smorgasbord.at\/en\/ueber-uns\/\" \/>\n<meta property=\"og:site_name\" content=\"Sm\u00f6rg\u00e5sbord\" \/>\n<meta property=\"article:modified_time\" content=\"2023-07-05T03:27:39+00:00\" \/>\n<meta property=\"og:image\" content=\"https:\/\/smorgasbord.at\/wp-content\/uploads\/2023\/03\/flug2.jpg\" \/>\n\t<meta property=\"og:image:width\" content=\"1280\" \/>\n\t<meta property=\"og:image:height\" content=\"1280\" \/>\n\t<meta property=\"og:image:type\" content=\"image\/jpeg\" \/>\n<meta name=\"twitter:card\" content=\"summary_large_image\" \/>\n<meta name=\"twitter:label1\" content=\"Est. reading time\" \/>\n\t<meta name=\"twitter:data1\" content=\"2 minutes\" \/>\n<script type=\"application\/ld+json\" class=\"yoast-schema-graph\">{\"@context\":\"https:\\\/\\\/schema.org\",\"@graph\":[{\"@type\":\"WebPage\",\"@id\":\"https:\\\/\\\/smorgasbord.at\\\/en\\\/ueber-uns\\\/\",\"url\":\"https:\\\/\\\/smorgasbord.at\\\/en\\\/ueber-uns\\\/\",\"name\":\"[:de]\u00dcber uns[:en]About us[:] - Sm\u00f6rg\u00e5sbord\",\"isPartOf\":{\"@id\":\"https:\\\/\\\/smorgasbord.at\\\/#website\"},\"primaryImageOfPage\":{\"@id\":\"https:\\\/\\\/smorgasbord.at\\\/en\\\/ueber-uns\\\/#primaryimage\"},\"image\":{\"@id\":\"https:\\\/\\\/smorgasbord.at\\\/en\\\/ueber-uns\\\/#primaryimage\"},\"thumbnailUrl\":\"https:\\\/\\\/smorgasbord.at\\\/wp-content\\\/uploads\\\/2023\\\/03\\\/flug2.jpg\",\"datePublished\":\"2023-07-02T02:44:13+00:00\",\"dateModified\":\"2023-07-05T03:27:39+00:00\",\"breadcrumb\":{\"@id\":\"https:\\\/\\\/smorgasbord.at\\\/en\\\/ueber-uns\\\/#breadcrumb\"},\"inLanguage\":\"en-US\",\"potentialAction\":[{\"@type\":\"ReadAction\",\"target\":[\"https:\\\/\\\/smorgasbord.at\\\/en\\\/ueber-uns\\\/\"]}]},{\"@type\":\"ImageObject\",\"inLanguage\":\"en-US\",\"@id\":\"https:\\\/\\\/smorgasbord.at\\\/en\\\/ueber-uns\\\/#primaryimage\",\"url\":\"https:\\\/\\\/smorgasbord.at\\\/wp-content\\\/uploads\\\/2023\\\/03\\\/flug2.jpg\",\"contentUrl\":\"https:\\\/\\\/smorgasbord.at\\\/wp-content\\\/uploads\\\/2023\\\/03\\\/flug2.jpg\",\"width\":1280,\"height\":1280,\"caption\":\"Omani und Jan im Flugzeug\"},{\"@type\":\"BreadcrumbList\",\"@id\":\"https:\\\/\\\/smorgasbord.at\\\/en\\\/ueber-uns\\\/#breadcrumb\",\"itemListElement\":[{\"@type\":\"ListItem\",\"position\":1,\"name\":\"Startseite\",\"item\":\"https:\\\/\\\/smorgasbord.at\\\/\"},{\"@type\":\"ListItem\",\"position\":2,\"name\":\"About us\"}]},{\"@type\":\"WebSite\",\"@id\":\"https:\\\/\\\/smorgasbord.at\\\/#website\",\"url\":\"https:\\\/\\\/smorgasbord.at\\\/\",\"name\":\"Sm\u00f6rg\u00e5sbord\",\"description\":\"This is Omani\u2018s and Jan\u2018s travelog.\",\"publisher\":{\"@id\":\"https:\\\/\\\/smorgasbord.at\\\/#organization\"},\"potentialAction\":[{\"@type\":\"SearchAction\",\"target\":{\"@type\":\"EntryPoint\",\"urlTemplate\":\"https:\\\/\\\/smorgasbord.at\\\/?s={search_term_string}\"},\"query-input\":{\"@type\":\"PropertyValueSpecification\",\"valueRequired\":true,\"valueName\":\"search_term_string\"}}],\"inLanguage\":\"en-US\"},{\"@type\":\"Organization\",\"@id\":\"https:\\\/\\\/smorgasbord.at\\\/#organization\",\"name\":\"Sm\u00f6rg\u00e5sbord\",\"url\":\"https:\\\/\\\/smorgasbord.at\\\/\",\"logo\":{\"@type\":\"ImageObject\",\"inLanguage\":\"en-US\",\"@id\":\"https:\\\/\\\/smorgasbord.at\\\/#\\\/schema\\\/logo\\\/image\\\/\",\"url\":\"https:\\\/\\\/smorgasbord.at\\\/wp-content\\\/uploads\\\/2023\\\/03\\\/smorgasbord-logo_mit_strahlen.jpg\",\"contentUrl\":\"https:\\\/\\\/smorgasbord.at\\\/wp-content\\\/uploads\\\/2023\\\/03\\\/smorgasbord-logo_mit_strahlen.jpg\",\"width\":1000,\"height\":1000,\"caption\":\"Sm\u00f6rg\u00e5sbord\"},\"image\":{\"@id\":\"https:\\\/\\\/smorgasbord.at\\\/#\\\/schema\\\/logo\\\/image\\\/\"},\"sameAs\":[\"https:\\\/\\\/t.me\\\/smorg4sbord\",\"https:\\\/\\\/www.youtube.com\\\/playlist?list=PLq3coKoIVPEcLYMPl7bFMI8y1wGedpbjz\"]}]}<\/script>\n<!-- \/ Yoast SEO plugin. -->","yoast_head_json":{"title":"About us - Sm\u00f6rg\u00e5sbord","robots":{"index":"index","follow":"follow","max-snippet":"max-snippet:-1","max-image-preview":"max-image-preview:large","max-video-preview":"max-video-preview:-1"},"canonical":"https:\/\/smorgasbord.at\/en\/ueber-uns\/","og_locale":"en_US","og_type":"article","og_title":"[:de]\u00dcber uns[:en]About us[:] - Sm\u00f6rg\u00e5sbord","og_description":"Education completed, self-employed and stayed in one place for far too long. 3 good reasons to leave habits behind and explore the wide world. Since the world is very big, we made a plan: first Japan for two months and then across Europe, always chasing the warm temperatures. Read our blog to find out whether&hellip;&nbsp;Read More &raquo;About us","og_url":"https:\/\/smorgasbord.at\/en\/ueber-uns\/","og_site_name":"Sm\u00f6rg\u00e5sbord","article_modified_time":"2023-07-05T03:27:39+00:00","og_image":[{"width":1280,"height":1280,"url":"https:\/\/smorgasbord.at\/wp-content\/uploads\/2023\/03\/flug2.jpg","type":"image\/jpeg"}],"twitter_card":"summary_large_image","twitter_misc":{"Est. reading time":"2 minutes"},"schema":{"@context":"https:\/\/schema.org","@graph":[{"@type":"WebPage","@id":"https:\/\/smorgasbord.at\/en\/ueber-uns\/","url":"https:\/\/smorgasbord.at\/en\/ueber-uns\/","name":"[:de]\u00dcber uns[:en]About us[:] - Sm\u00f6rg\u00e5sbord","isPartOf":{"@id":"https:\/\/smorgasbord.at\/#website"},"primaryImageOfPage":{"@id":"https:\/\/smorgasbord.at\/en\/ueber-uns\/#primaryimage"},"image":{"@id":"https:\/\/smorgasbord.at\/en\/ueber-uns\/#primaryimage"},"thumbnailUrl":"https:\/\/smorgasbord.at\/wp-content\/uploads\/2023\/03\/flug2.jpg","datePublished":"2023-07-02T02:44:13+00:00","dateModified":"2023-07-05T03:27:39+00:00","breadcrumb":{"@id":"https:\/\/smorgasbord.at\/en\/ueber-uns\/#breadcrumb"},"inLanguage":"en-US","potentialAction":[{"@type":"ReadAction","target":["https:\/\/smorgasbord.at\/en\/ueber-uns\/"]}]},{"@type":"ImageObject","inLanguage":"en-US","@id":"https:\/\/smorgasbord.at\/en\/ueber-uns\/#primaryimage","url":"https:\/\/smorgasbord.at\/wp-content\/uploads\/2023\/03\/flug2.jpg","contentUrl":"https:\/\/smorgasbord.at\/wp-content\/uploads\/2023\/03\/flug2.jpg","width":1280,"height":1280,"caption":"Omani und Jan im Flugzeug"},{"@type":"BreadcrumbList","@id":"https:\/\/smorgasbord.at\/en\/ueber-uns\/#breadcrumb","itemListElement":[{"@type":"ListItem","position":1,"name":"Startseite","item":"https:\/\/smorgasbord.at\/"},{"@type":"ListItem","position":2,"name":"About us"}]},{"@type":"WebSite","@id":"https:\/\/smorgasbord.at\/#website","url":"https:\/\/smorgasbord.at\/","name":"Sm\u00f6rg\u00e5sbord","description":"This is Omani\u2018s and Jan\u2018s travelog.","publisher":{"@id":"https:\/\/smorgasbord.at\/#organization"},"potentialAction":[{"@type":"SearchAction","target":{"@type":"EntryPoint","urlTemplate":"https:\/\/smorgasbord.at\/?s={search_term_string}"},"query-input":{"@type":"PropertyValueSpecification","valueRequired":true,"valueName":"search_term_string"}}],"inLanguage":"en-US"},{"@type":"Organization","@id":"https:\/\/smorgasbord.at\/#organization","name":"Sm\u00f6rg\u00e5sbord","url":"https:\/\/smorgasbord.at\/","logo":{"@type":"ImageObject","inLanguage":"en-US","@id":"https:\/\/smorgasbord.at\/#\/schema\/logo\/image\/","url":"https:\/\/smorgasbord.at\/wp-content\/uploads\/2023\/03\/smorgasbord-logo_mit_strahlen.jpg","contentUrl":"https:\/\/smorgasbord.at\/wp-content\/uploads\/2023\/03\/smorgasbord-logo_mit_strahlen.jpg","width":1000,"height":1000,"caption":"Sm\u00f6rg\u00e5sbord"},"image":{"@id":"https:\/\/smorgasbord.at\/#\/schema\/logo\/image\/"},"sameAs":["https:\/\/t.me\/smorg4sbord","https:\/\/www.youtube.com\/playlist?list=PLq3coKoIVPEcLYMPl7bFMI8y1wGedpbjz"]}]}},"_links":{"self":[{"href":"https:\/\/smorgasbord.at\/en\/wp-json\/wp\/v2\/pages\/2014","targetHints":{"allow":["GET"]}}],"collection":[{"href":"https:\/\/smorgasbord.at\/en\/wp-json\/wp\/v2\/pages"}],"about":[{"href":"https:\/\/smorgasbord.at\/en\/wp-json\/wp\/v2\/types\/page"}],"author":[{"embeddable":true,"href":"https:\/\/smorgasbord.at\/en\/wp-json\/wp\/v2\/users\/1"}],"replies":[{"embeddable":true,"href":"https:\/\/smorgasbord.at\/en\/wp-json\/wp\/v2\/comments?post=2014"}],"version-history":[{"count":7,"href":"https:\/\/smorgasbord.at\/en\/wp-json\/wp\/v2\/pages\/2014\/revisions"}],"predecessor-version":[{"id":2054,"href":"https:\/\/smorgasbord.at\/en\/wp-json\/wp\/v2\/pages\/2014\/revisions\/2054"}],"wp:featuredmedia":[{"embeddable":true,"href":"https:\/\/smorgasbord.at\/en\/wp-json\/wp\/v2\/media\/18"}],"wp:attachment":[{"href":"https:\/\/smorgasbord.at\/en\/wp-json\/wp\/v2\/media?parent=2014"}],"curies":[{"name":"wp","href":"https:\/\/api.w.org\/{rel}","templated":true}]}}